{"id":2548,"date":"2023-04-18T14:15:02","date_gmt":"2023-04-18T14:15:02","guid":{"rendered":"https:\/\/libertysport.es\/politica-de-privacidad\/"},"modified":"2023-07-27T05:40:05","modified_gmt":"2023-07-27T05:40:05","slug":"privacy-policy","status":"publish","type":"page","link":"https:\/\/libertysport.es\/en\/privacy-policy\/","title":{"rendered":"Privacy Policy"},"content":{"rendered":"\t\t<div data-elementor-type=\"wp-page\" data-elementor-id=\"2548\" class=\"elementor elementor-2548 elementor-3\" data-elementor-post-type=\"page\">\n\t\t\t\t\t\t<section class=\"elementor-section elementor-top-section elementor-element elementor-element-4b4100d7 elementor-section-boxed elementor-section-height-default elementor-section-height-default\" data-id=\"4b4100d7\" data-element_type=\"section\" data-e-type=\"section\">\n\t\t\t\t\t\t<div class=\"elementor-container elementor-column-gap-default\">\n\t\t\t\t\t<div class=\"elementor-column elementor-col-100 elementor-top-column elementor-element elementor-element-20ea483b\" data-id=\"20ea483b\" data-element_type=\"column\" data-e-type=\"column\">\n\t\t\t<div class=\"elementor-widget-wrap elementor-element-populated\">\n\t\t\t\t\t\t<section class=\"elementor-section elementor-inner-section elementor-element elementor-element-6fb8d1b elementor-section-boxed elementor-section-height-default elementor-section-height-default\" data-id=\"6fb8d1b\" data-element_type=\"section\" data-e-type=\"section\">\n\t\t\t\t\t\t<div class=\"elementor-container elementor-column-gap-default\">\n\t\t\t\t\t<div class=\"elementor-column elementor-col-100 elementor-inner-column elementor-element elementor-element-12cdc9f\" data-id=\"12cdc9f\" data-element_type=\"column\" data-e-type=\"column\">\n\t\t\t<div class=\"elementor-widget-wrap elementor-element-populated\">\n\t\t\t\t\t\t<div class=\"elementor-element elementor-element-1c000226 elementor-widget elementor-widget-text-editor\" data-id=\"1c000226\" data-element_type=\"widget\" data-e-type=\"widget\" data-widget_type=\"text-editor.default\">\n\t\t\t\t<div class=\"elementor-widget-container\">\n\t\t\t\t\t\t\t\t\t<ol>\n<li> <strong> INFORMACI\u00d3N AL USUARIO. <\/strong><strong>POL\u00cdTICA <\/strong><strong>DE PRIVACIDAD<\/strong><\/li>\n<\/ol>\n<p><strong>Who is the <\/strong><strong>responsible for the processing of your personal data?<\/strong><\/p>\n<p><strong>Libert<\/strong><strong>y Sport S.L. <\/strong>es el RESPONSABLE del tratamiento de los datos personales del USUARIO y le informa de que estos datos ser\u00e1n tratados de conformidad con lo dispuesto en el Reglamento (UE) 2016\/679, de 27 de abril (GDPR), y la Ley Org\u00e1nica 3\/2018, de 5 de diciembre (LOPDGDD).<\/p>\n<p><strong>\u00bfPara qu\u00e9 tratamos tus datos personales?<\/strong><\/p>\n<p>Para mantener una relaci\u00f3n comercial con el usuario. The operations foreseen to carry out the processing are: Sending commercial advertising communications by e-mail, fax, SMS, MMS, social networks or any other electronic or physical means, present or future, that enable commercial communications. Estas comunicaciones ser\u00e1n realizadas por el RESPONSABLE y estar\u00e1n relacionadas con sus productos y servicios, o de sus colaboradores o proveedores, con los que este haya alcanzado alg\u00fan acuerdo de promoci\u00f3n. En este caso, los terceros nunca tendr\u00e1n acceso a los datos personales.<\/p>\n<p>Realizar estudios de mercado y an\u00e1lisis estad\u00edsticos.<\/p>\n<p>Tramitar encargos, solicitudes, dar respuesta a las consultas o cualquier tipo de petici\u00f3n que sea realizada por el USUARIO a trav\u00e9s de cualquiera de las formas de contacto que se ponen a su disposici\u00f3n en la p\u00e1gina web del RESPONSABLE.<\/p>\n<p>Remitir el bolet\u00edn informativo online, sobre novedades, ofertas y promociones en nuestra actividad<strong>.<\/strong><\/p>\n<p><strong>\u00bfPor qu\u00e9 motivo podemos tratar tus datos personales?<\/strong><\/p>\n<p>Porque el tratamiento est\u00e1 legitimado por el art\u00edculo 6 del GDPR de la siguiente forma:<\/p>\n<p>Con el consentimiento del USUARIO: remisi\u00f3n de comunicaciones comerciales y del bolet\u00edn informativo.<\/p>\n<p>Por inter\u00e9s leg\u00edtimo del RESPONSABLE: realizar estudios de mercado, an\u00e1lisis estad\u00edsticos, etc. y tramitar encargos, solicitudes, etc. a petici\u00f3n del USUARIO.<\/p>\n<p><strong>\u00bfDurante cu\u00e1nto tiempo guardaremos <\/strong><strong>tus datos personales?<\/strong><\/p>\n<p>Se conservar\u00e1n durante no m\u00e1s tiempo del necesario para mantener el fin del tratamiento o existan prescripciones legales que dictaminen su custodia y cuando ya no sea necesario para ello, se suprimir\u00e1n con medidas de seguridad adecuadas para garantizar la anonimizaci\u00f3n de los datos o la destrucci\u00f3n total de los mismos.<\/p>\n<p><strong>\u00bfA qui\u00e9n facilitamos tus datos personales?<\/strong><\/p>\n<p>No est\u00e1 prevista ninguna comunicaci\u00f3n de datos personales a terceros salvo, si fuese necesario para el desarrollo y ejecuci\u00f3n de las finalidades del tratamiento, a nuestros proveedores de servicios relacionados con comunicaciones, con los cuales el RESPONSABLE tiene suscritos los contratos de confidencialidad y de encargado de tratamiento exigidos por la normativa vigente de privacidad.<\/p>\n<p><strong>\u00bfCu\u00e1les son <\/strong><strong>tus derechos?<\/strong><\/p>\n<p>Los derechos que asisten al USUARIO son:<\/p>\n<p>Derecho a retirar el consentimiento en cualquier momento.<\/p>\n<p>Derecho de acceso, rectificaci\u00f3n, portabilidad y supresi\u00f3n de sus datos, y de limitaci\u00f3n u oposici\u00f3n a su tratamiento.<\/p>\n<p>Derecho a presentar una reclamaci\u00f3n ante la autoridad de control <a href=\"http:\/\/www.aepd.es\">(www.aepd.es) si considera que el tratamiento no se ajusta a la normativa vigente.<\/a><\/p>\n<p><strong>Data<\/strong> <strong>contact information to exercise your rights:<\/strong><\/p>\n<p>Liberty Sport S.L.. Paseo Illetas, 4 local 8 &#8211; 07184 Calvia (Illes Balears). E-mail: <a href=\"mailto:info@libertysport.es\">info@libertysport.es<\/a><\/p>\n<ol start=\"2\">\n<li><strong>2<\/strong><strong>. CAR\u00c1CTER OBLIGATORIO O FACULTATIVO DE LA INFORMACI\u00d3N FACILITADA POR EL USUARIO<\/strong><\/li>\n<\/ol>\n<p>Los USUARIOS, mediante la marcaci\u00f3n de las casillas correspondientes y la entrada de datos en los campos, marcados con un asterisco (*) en el formulario de contacto o presentados en formularios de descarga, aceptan expresamente y de forma libre e inequ\u00edvoca, que sus datos son necesarios para atender su petici\u00f3n, por parte del prestador, siendo voluntaria la inclusi\u00f3n de datos en los campos restantes. El USUARIO garantiza que los datos personales facilitados al RESPONSABLE son veraces y se hace responsable de comunicar cualquier modificaci\u00f3n de los mismos.<\/p>\n<p>El RESPONSABLE informa de que todos los datos solicitados a trav\u00e9s del sitio web son obligatorios, ya que son necesarios para la prestaci\u00f3n de un servicio \u00f3ptimo al USUARIO. En caso de que no se faciliten todos los datos, no se garantiza que la informaci\u00f3n y servicios facilitados sean completamente ajustados a sus necesidades.<\/p>\n<ol start=\"3\">\n<li><strong> MEDIDAS DE SEGURIDAD<\/strong><\/li>\n<\/ol>\n<p>That in accordance with the provisions of the regulations in force on personal data protection, the RESPONSIBLE is complying with all the provisions of the GDPR and LOPDGDD regulations for the processing of personal data under its responsibility, and manifestly with the principles described in Article 5 of the GDPR, whereby they are processed lawfully, fairly and transparently in relation to the data subject and are adequate, relevant and limited to what is necessary in relation to the purposes for which they are processed.<\/p>\n<p>El RESPONSABLE garantiza que ha implementado pol\u00edticas t\u00e9cnicas y organizativas apropiadas para aplicar las medidas de seguridad que establecen el GDPR y la LOPDGDD con el fin de proteger los derechos y libertades de los USUARIOS y les ha comunicado la informaci\u00f3n adecuada para que puedan ejercerlos.<\/p>\n<p>Para m\u00e1s informaci\u00f3n sobre las garant\u00edas de privacidad, puedes dirigirte al RESPONSABLE a trav\u00e9s de Liberty Sport<\/p>\n<p>S.L.. Paseo Illetas, 4 local 8 &#8211; 07184 Calvia (Illes Balears). E-mail: <a href=\"mailto:info@libertysport.es\">info@libertysport.es<\/a><\/p>\t\t\t\t\t\t\t\t<\/div>\n\t\t\t\t<\/div>\n\t\t\t\t\t<\/div>\n\t\t<\/div>\n\t\t\t\t\t<\/div>\n\t\t<\/section>\n\t\t\t\t\t<\/div>\n\t\t<\/div>\n\t\t\t\t\t<\/div>\n\t\t<\/section>\n\t\t\t\t<\/div>\n\t\t","protected":false},"excerpt":{"rendered":"<p>INFORMACI\u00d3N AL USUARIO. POL\u00cdTICA DE PRIVACIDAD Who is the responsible for the processing of your personal data? Liberty Sport S.L. es el RESPONSABLE del tratamiento de los datos personales del USUARIO y le informa de que estos datos ser\u00e1n tratados de conformidad con lo dispuesto en el Reglamento (UE) 2016\/679, de 27 de abril (GDPR), [&hellip;]<\/p>\n","protected":false},"author":3,"featured_media":0,"parent":0,"menu_order":0,"comment_status":"closed","ping_status":"closed","template":"","meta":{"footnotes":""},"class_list":["post-2548","page","type-page","status-publish","hentry"],"yoast_head":"<!-- This site is optimized with the Yoast SEO plugin v27.2 - https:\/\/yoast.com\/product\/yoast-seo-wordpress\/ -->\n<title>Privacy Policy | Libertysport<\/title>\n<meta name=\"robots\" content=\"index, follow, max-snippet:-1, max-image-preview:large, max-video-preview:-1\" \/>\n<link rel=\"canonical\" href=\"https:\/\/libertysport.es\/en\/privacy-policy\/\" \/>\n<meta property=\"og:locale\" content=\"en_US\" \/>\n<meta property=\"og:type\" content=\"article\" \/>\n<meta property=\"og:title\" content=\"Privacy Policy | Libertysport\" \/>\n<meta property=\"og:description\" content=\"INFORMACI\u00d3N AL USUARIO. POL\u00cdTICA DE PRIVACIDAD Who is the responsible for the processing of your personal data? Liberty Sport S.L. es el RESPONSABLE del tratamiento de los datos personales del USUARIO y le informa de que estos datos ser\u00e1n tratados de conformidad con lo dispuesto en el Reglamento (UE) 2016\/679, de 27 de abril (GDPR), [&hellip;]\" \/>\n<meta property=\"og:url\" content=\"https:\/\/libertysport.es\/en\/privacy-policy\/\" \/>\n<meta property=\"og:site_name\" content=\"Libertysport\" \/>\n<meta property=\"article:publisher\" content=\"https:\/\/www.facebook.com\/LibertySportMallorca\/\" \/>\n<meta property=\"article:modified_time\" content=\"2023-07-27T05:40:05+00:00\" \/>\n<meta name=\"twitter:card\" content=\"summary_large_image\" \/>\n<meta name=\"twitter:label1\" content=\"Est. reading time\" \/>\n\t<meta name=\"twitter:data1\" content=\"4 minutes\" \/>\n<script type=\"application\/ld+json\" class=\"yoast-schema-graph\">{\"@context\":\"https:\/\/schema.org\",\"@graph\":[{\"@type\":\"WebPage\",\"@id\":\"https:\/\/libertysport.es\/en\/privacy-policy\/\",\"url\":\"https:\/\/libertysport.es\/en\/privacy-policy\/\",\"name\":\"Privacy Policy | Libertysport\",\"isPartOf\":{\"@id\":\"https:\/\/libertysport.es\/en\/#website\"},\"datePublished\":\"2023-04-18T14:15:02+00:00\",\"dateModified\":\"2023-07-27T05:40:05+00:00\",\"breadcrumb\":{\"@id\":\"https:\/\/libertysport.es\/en\/privacy-policy\/#breadcrumb\"},\"inLanguage\":\"en-US\",\"potentialAction\":[{\"@type\":\"ReadAction\",\"target\":[\"https:\/\/libertysport.es\/en\/privacy-policy\/\"]}]},{\"@type\":\"BreadcrumbList\",\"@id\":\"https:\/\/libertysport.es\/en\/privacy-policy\/#breadcrumb\",\"itemListElement\":[{\"@type\":\"ListItem\",\"position\":1,\"name\":\"Portada\",\"item\":\"https:\/\/libertysport.es\/en\/home\/\"},{\"@type\":\"ListItem\",\"position\":2,\"name\":\"Privacy Policy\"}]},{\"@type\":\"WebSite\",\"@id\":\"https:\/\/libertysport.es\/en\/#website\",\"url\":\"https:\/\/libertysport.es\/en\/\",\"name\":\"Libertysport.es\",\"description\":\"alquiler bicicletas mallorca\",\"publisher\":{\"@id\":\"https:\/\/libertysport.es\/en\/#organization\"},\"potentialAction\":[{\"@type\":\"SearchAction\",\"target\":{\"@type\":\"EntryPoint\",\"urlTemplate\":\"https:\/\/libertysport.es\/en\/?s={search_term_string}\"},\"query-input\":{\"@type\":\"PropertyValueSpecification\",\"valueRequired\":true,\"valueName\":\"search_term_string\"}}],\"inLanguage\":\"en-US\"},{\"@type\":\"Organization\",\"@id\":\"https:\/\/libertysport.es\/en\/#organization\",\"name\":\"Libertysport\",\"url\":\"https:\/\/libertysport.es\/en\/\",\"logo\":{\"@type\":\"ImageObject\",\"inLanguage\":\"en-US\",\"@id\":\"https:\/\/libertysport.es\/en\/#\/schema\/logo\/image\/\",\"url\":\"https:\/\/libertysport.es\/wp-content\/uploads\/2023\/04\/2-e1684855623108.png\",\"contentUrl\":\"https:\/\/libertysport.es\/wp-content\/uploads\/2023\/04\/2-e1684855623108.png\",\"width\":1036,\"height\":585,\"caption\":\"Libertysport\"},\"image\":{\"@id\":\"https:\/\/libertysport.es\/en\/#\/schema\/logo\/image\/\"},\"sameAs\":[\"https:\/\/www.facebook.com\/LibertySportMallorca\/\"]}]}<\/script>\n<!-- \/ Yoast SEO plugin. -->","yoast_head_json":{"title":"Privacy Policy | Libertysport","robots":{"index":"index","follow":"follow","max-snippet":"max-snippet:-1","max-image-preview":"max-image-preview:large","max-video-preview":"max-video-preview:-1"},"canonical":"https:\/\/libertysport.es\/en\/privacy-policy\/","og_locale":"en_US","og_type":"article","og_title":"Privacy Policy | Libertysport","og_description":"INFORMACI\u00d3N AL USUARIO. POL\u00cdTICA DE PRIVACIDAD Who is the responsible for the processing of your personal data? Liberty Sport S.L. es el RESPONSABLE del tratamiento de los datos personales del USUARIO y le informa de que estos datos ser\u00e1n tratados de conformidad con lo dispuesto en el Reglamento (UE) 2016\/679, de 27 de abril (GDPR), [&hellip;]","og_url":"https:\/\/libertysport.es\/en\/privacy-policy\/","og_site_name":"Libertysport","article_publisher":"https:\/\/www.facebook.com\/LibertySportMallorca\/","article_modified_time":"2023-07-27T05:40:05+00:00","twitter_card":"summary_large_image","twitter_misc":{"Est. reading time":"4 minutes"},"schema":{"@context":"https:\/\/schema.org","@graph":[{"@type":"WebPage","@id":"https:\/\/libertysport.es\/en\/privacy-policy\/","url":"https:\/\/libertysport.es\/en\/privacy-policy\/","name":"Privacy Policy | Libertysport","isPartOf":{"@id":"https:\/\/libertysport.es\/en\/#website"},"datePublished":"2023-04-18T14:15:02+00:00","dateModified":"2023-07-27T05:40:05+00:00","breadcrumb":{"@id":"https:\/\/libertysport.es\/en\/privacy-policy\/#breadcrumb"},"inLanguage":"en-US","potentialAction":[{"@type":"ReadAction","target":["https:\/\/libertysport.es\/en\/privacy-policy\/"]}]},{"@type":"BreadcrumbList","@id":"https:\/\/libertysport.es\/en\/privacy-policy\/#breadcrumb","itemListElement":[{"@type":"ListItem","position":1,"name":"Portada","item":"https:\/\/libertysport.es\/en\/home\/"},{"@type":"ListItem","position":2,"name":"Privacy Policy"}]},{"@type":"WebSite","@id":"https:\/\/libertysport.es\/en\/#website","url":"https:\/\/libertysport.es\/en\/","name":"Libertysport.es","description":"alquiler bicicletas mallorca","publisher":{"@id":"https:\/\/libertysport.es\/en\/#organization"},"potentialAction":[{"@type":"SearchAction","target":{"@type":"EntryPoint","urlTemplate":"https:\/\/libertysport.es\/en\/?s={search_term_string}"},"query-input":{"@type":"PropertyValueSpecification","valueRequired":true,"valueName":"search_term_string"}}],"inLanguage":"en-US"},{"@type":"Organization","@id":"https:\/\/libertysport.es\/en\/#organization","name":"Libertysport","url":"https:\/\/libertysport.es\/en\/","logo":{"@type":"ImageObject","inLanguage":"en-US","@id":"https:\/\/libertysport.es\/en\/#\/schema\/logo\/image\/","url":"https:\/\/libertysport.es\/wp-content\/uploads\/2023\/04\/2-e1684855623108.png","contentUrl":"https:\/\/libertysport.es\/wp-content\/uploads\/2023\/04\/2-e1684855623108.png","width":1036,"height":585,"caption":"Libertysport"},"image":{"@id":"https:\/\/libertysport.es\/en\/#\/schema\/logo\/image\/"},"sameAs":["https:\/\/www.facebook.com\/LibertySportMallorca\/"]}]}},"_links":{"self":[{"href":"https:\/\/libertysport.es\/en\/wp-json\/wp\/v2\/pages\/2548","targetHints":{"allow":["GET"]}}],"collection":[{"href":"https:\/\/libertysport.es\/en\/wp-json\/wp\/v2\/pages"}],"about":[{"href":"https:\/\/libertysport.es\/en\/wp-json\/wp\/v2\/types\/page"}],"author":[{"embeddable":true,"href":"https:\/\/libertysport.es\/en\/wp-json\/wp\/v2\/users\/3"}],"replies":[{"embeddable":true,"href":"https:\/\/libertysport.es\/en\/wp-json\/wp\/v2\/comments?post=2548"}],"version-history":[{"count":2,"href":"https:\/\/libertysport.es\/en\/wp-json\/wp\/v2\/pages\/2548\/revisions"}],"predecessor-version":[{"id":2550,"href":"https:\/\/libertysport.es\/en\/wp-json\/wp\/v2\/pages\/2548\/revisions\/2550"}],"wp:attachment":[{"href":"https:\/\/libertysport.es\/en\/wp-json\/wp\/v2\/media?parent=2548"}],"curies":[{"name":"wp","href":"https:\/\/api.w.org\/{rel}","templated":true}]}}